{"id":620,"date":"2021-03-08T10:33:41","date_gmt":"2021-03-08T09:33:41","guid":{"rendered":"https:\/\/solo.az-webovky.cz\/?page_id=620"},"modified":"2024-03-21T11:30:17","modified_gmt":"2024-03-21T10:30:17","slug":"privatni-znacky","status":"publish","type":"page","link":"https:\/\/solo.cz\/sk\/privatni-znacky\/","title":{"rendered":"Priv\u00e1tne zna\u010dky"},"content":{"rendered":"<p><\/p>\n\n\n\n<h2 class=\"wp-block-heading\">PRIV\u00c1TNE ZNA\u010cKY<\/h2>\n\n\n\n<hr class=\"wp-block-separator has-css-opacity\"\/>\n\n\n\n<p>Spolo\u010dnos\u0165 SOLO Matches &amp; FLAMES V\u00e1m m\u00f4\u017ee pon\u00faknu\u0165 okrem z\u00e1paliek aj ostatn\u00fd tovar vo Va\u0161ej priv\u00e1tnej zna\u010dke. S\u00fa to napr\u00edklad pr\u00edrodn\u00e9 a chemick\u00e9 podpa\u013eova\u010de, jednorazov\u00e9 grily alebo doplnky k BBQ.<\/p>\n\n\n\n<p>Na\u0161imi popredn\u00fdmi z\u00e1kazn\u00edkmi s\u00fa renomovan\u00e9 zna\u010dky ako COOP, Albert, Penny, Tesco a \u010fal\u0161ie.<\/p>\n\n\n\n<p>Pre viac inform\u00e1ci\u00ed kontaktujte n\u00e1\u0161ho obchodn\u00edka pre k\u013e\u00fa\u010dov\u00fdch z\u00e1kazn\u00edkov:<\/p>\n\n\n\n<p>&nbsp;<\/p>\n\n\n\n<p><strong>Lenka FI\u0160EROV\u00c1<\/strong><\/p>\n\n\n\n<p>Key Account Manager<\/p>\n\n\n\n<p>Mob: <a href=\"tel:+420724209364\" data-type=\"tel\" data-id=\"tel:+420724209364\">+420 724 209 364<\/a> <\/p>\n\n\n\n<p>E-mail: <a href=\"mailto:hubner@solosirkarna.cz\">fiserova@solosirkarna.cz<\/a><\/p>\n\n\n\n<div style=\"height:100px\" aria-hidden=\"true\" class=\"wp-block-spacer\"><\/div>\n\n\n\n<h2 class=\"wp-block-heading\"><\/h2>\n\n\n\n<hr class=\"wp-block-separator has-css-opacity\"\/>\n\n\n\n<p><\/p>","protected":false},"excerpt":{"rendered":"<p>PRIV\u00c1TN\u00cd ZNA\u010cKY Spole\u010dnost SOLO MATCHES&amp;FLAMES V\u00e1m m\u016f\u017ee nab\u00eddnout krom\u011b z\u00e1palek i ostatn\u00ed zbo\u017e\u00ed ve Va\u0161\u00ed priv\u00e1tn\u00ed zna\u010dce. Jsou to nap\u0159\u00edklad p\u0159\u00edrodn\u00ed a chemick\u00e9 podpalova\u010de, jednor\u00e1zov\u00e9 grily nebo dopl\u0148ky k BBQ. Na\u0161imi p\u0159edn\u00edmi z\u00e1kazn\u00edky jsou renomovan\u00e9 zna\u010dky jako COOP, Albert, Penny, Tesco a dal\u0161\u00ed. Pro v\u00edce informac\u00ed kontaktujte na\u0161eho obchodn\u00edka pro kl\u00ed\u010dov\u00e9 z\u00e1kazn\u00edky: &nbsp; Lenka FI\u0160EROV\u00c1 [&hellip;]<\/p>","protected":false},"author":1,"featured_media":0,"parent":0,"menu_order":0,"comment_status":"closed","ping_status":"closed","template":"","meta":{"inline_featured_image":false,"slim_seo":{"title":"Priv\u00e1tne zna\u010dky | z\u00e1palky reklamn\u00e9","description":"Spole\u010dnost SOLO MATCHES&amp;FLAMES V\u00e1m m\u016f\u017ee nab\u00eddnout krom\u011b z\u00e1palek i ostatn\u00ed zbo\u017e\u00ed ve Va\u0161\u00ed priv\u00e1tn\u00ed zna\u010dce. Jsou to nap\u0159\u00edklad p\u0159\u00edrodn\u00ed a chemick\u00e9 podpalova\u010de, jednor\u00e1zov\u00e9 grily nebo dopl\u0148ky k BBQ. Jako tradi\u010dn\u00ed dodavatel z\u00e1palek jsme V\u00e1m schopni nab\u00eddnout z\u00e1palky \u201ena m\u00edru\u201c."},"footnotes":""},"class_list":["post-620","page","type-page","status-publish","hentry"],"meta_box":[],"_links":{"self":[{"href":"https:\/\/solo.cz\/sk\/wp-json\/wp\/v2\/pages\/620","targetHints":{"allow":["GET"]}}],"collection":[{"href":"https:\/\/solo.cz\/sk\/wp-json\/wp\/v2\/pages"}],"about":[{"href":"https:\/\/solo.cz\/sk\/wp-json\/wp\/v2\/types\/page"}],"author":[{"embeddable":true,"href":"https:\/\/solo.cz\/sk\/wp-json\/wp\/v2\/users\/1"}],"replies":[{"embeddable":true,"href":"https:\/\/solo.cz\/sk\/wp-json\/wp\/v2\/comments?post=620"}],"version-history":[{"count":20,"href":"https:\/\/solo.cz\/sk\/wp-json\/wp\/v2\/pages\/620\/revisions"}],"predecessor-version":[{"id":1064,"href":"https:\/\/solo.cz\/sk\/wp-json\/wp\/v2\/pages\/620\/revisions\/1064"}],"wp:attachment":[{"href":"https:\/\/solo.cz\/sk\/wp-json\/wp\/v2\/media?parent=620"}],"curies":[{"name":"wp","href":"https:\/\/api.w.org\/{rel}","templated":true}]}}