{"id":12,"date":"2018-04-17T11:46:22","date_gmt":"2018-04-17T11:46:22","guid":{"rendered":"http:\/\/hyperion.oxy.host\/?page_id=5"},"modified":"2021-03-10T15:15:46","modified_gmt":"2021-03-10T14:15:46","slug":"ui-kit","status":"publish","type":"page","link":"https:\/\/solo.cz\/sk\/","title":{"rendered":"\u00davodn\u00ed str\u00e1nka"},"content":{"rendered":"","protected":false},"excerpt":{"rendered":"","protected":false},"author":1,"featured_media":0,"parent":0,"menu_order":0,"comment_status":"closed","ping_status":"closed","template":"","meta":{"inline_featured_image":false,"slim_seo":{"title":"SOLO - tradi\u010dn\u00fd dod\u00e1vate\u013e z\u00e1paliek a plamenn\u00e9ho tovar","description":"SOLO - tradi\u010dn\u00fd dod\u00e1vate\u013e tovaru pre zap\u00e1lenie plame\u0148a a oh\u0148a, od z\u00e1paliek a zapa\u013eova\u010dov, cez svie\u010dky a podpa\u013eova\u010de a\u017e po sady na grilovanie."},"footnotes":""},"class_list":["post-12","page","type-page","status-publish","hentry"],"meta_box":[],"_links":{"self":[{"href":"https:\/\/solo.cz\/sk\/wp-json\/wp\/v2\/pages\/12","targetHints":{"allow":["GET"]}}],"collection":[{"href":"https:\/\/solo.cz\/sk\/wp-json\/wp\/v2\/pages"}],"about":[{"href":"https:\/\/solo.cz\/sk\/wp-json\/wp\/v2\/types\/page"}],"author":[{"embeddable":true,"href":"https:\/\/solo.cz\/sk\/wp-json\/wp\/v2\/users\/1"}],"replies":[{"embeddable":true,"href":"https:\/\/solo.cz\/sk\/wp-json\/wp\/v2\/comments?post=12"}],"version-history":[{"count":2,"href":"https:\/\/solo.cz\/sk\/wp-json\/wp\/v2\/pages\/12\/revisions"}],"predecessor-version":[{"id":15,"href":"https:\/\/solo.cz\/sk\/wp-json\/wp\/v2\/pages\/12\/revisions\/15"}],"wp:attachment":[{"href":"https:\/\/solo.cz\/sk\/wp-json\/wp\/v2\/media?parent=12"}],"curies":[{"name":"wp","href":"https:\/\/api.w.org\/{rel}","templated":true}]}}